{"id":18,"date":"2017-06-15T11:27:23","date_gmt":"2017-06-15T11:27:23","guid":{"rendered":"http:\/\/visithrisey.is\/?page_id=18"},"modified":"2021-09-11T11:45:59","modified_gmt":"2021-09-11T11:45:59","slug":"contact","status":"publish","type":"page","link":"https:\/\/visithrisey.is\/?page_id=18","title":{"rendered":"Uppl\u00fdsingar og s\u00edman\u00famer."},"content":{"rendered":"<h1 style=\"text-align: center;\"><strong>\u00cd Hr\u00edsey og n\u00e1grenni er bo\u00f0i\u00f0 upp \u00e1 \u00fdmsar af\u00fereyingar\u00a0<\/strong><\/h1>\n<p style=\"text-align: center;\"><strong>Sj\u00f3st\u00f6ng &#8211; Hvalasko\u00f0un &#8211; \u00datrei\u00f0at\u00fara &#8211; Bj\u00f3rb\u00f6\u00f0 &#8211; Traktorsfer\u00f0ir<\/strong><\/p>\n<p style=\"text-align: center;\"><span style=\"color: #000080;\"><strong>S\u00edman\u00famer :\u00a0 8989408<\/strong><\/span><\/p>\n<p><a href=\"https:\/\/www.youtube.com\/watch?v=2gsZvpSZ91o\"><img loading=\"lazy\" decoding=\"async\" class=\"wp-image-157  aligncenter\" style=\"font-size: 1rem;\" src=\"http:\/\/visithrisey.is\/wp-content\/uploads\/2017\/06\/Humpbac_Niels_Hauganes-1024x494.jpg\" alt=\"N\u00edels kemur til Hr\u00edseyjar og s\u00e6kir f\u00f3lk ef um h\u00f3p er a\u00f0 r\u00e6\u00f0a\" width=\"378\" height=\"183\" srcset=\"https:\/\/visithrisey.is\/wp-content\/uploads\/2017\/06\/Humpbac_Niels_Hauganes-1024x494.jpg 1024w, https:\/\/visithrisey.is\/wp-content\/uploads\/2017\/06\/Humpbac_Niels_Hauganes-300x145.jpg 300w, https:\/\/visithrisey.is\/wp-content\/uploads\/2017\/06\/Humpbac_Niels_Hauganes-768x371.jpg 768w, https:\/\/visithrisey.is\/wp-content\/uploads\/2017\/06\/Humpbac_Niels_Hauganes.jpg 1500w\" sizes=\"auto, (max-width: 378px) 100vw, 378px\" \/><\/a><\/p>\n<p><a href=\"https:\/\/www.youtube.com\/watch?v=thxfIPXuKRM\"><img loading=\"lazy\" decoding=\"async\" class=\"aligncenter wp-image-268\" src=\"https:\/\/visithrisey.is\/wp-content\/uploads\/2021\/03\/bj_bad20201.jpg-300x200.jpg\" alt=\"\" width=\"378\" height=\"252\" srcset=\"https:\/\/visithrisey.is\/wp-content\/uploads\/2021\/03\/bj_bad20201.jpg-300x200.jpg 300w, https:\/\/visithrisey.is\/wp-content\/uploads\/2021\/03\/bj_bad20201.jpg.jpg 768w\" sizes=\"auto, (max-width: 378px) 100vw, 378px\" \/><\/a><\/p>\n","protected":false},"excerpt":{"rendered":"<p>\u00cd Hr\u00edsey og n\u00e1grenni er bo\u00f0i\u00f0 upp \u00e1 \u00fdmsar af\u00fereyingar\u00a0 Sj\u00f3st\u00f6ng &#8211; Hvalasko\u00f0un &#8211; \u00datrei\u00f0at\u00fara &#8211; Bj\u00f3rb\u00f6\u00f0 &#8211; Traktorsfer\u00f0ir S\u00edman\u00famer :\u00a0 8989408<\/p>\n","protected":false},"author":1,"featured_media":149,"parent":0,"menu_order":0,"comment_status":"closed","ping_status":"closed","template":"","meta":{"footnotes":""},"class_list":["post-18","page","type-page","status-publish","has-post-thumbnail","hentry"],"_links":{"self":[{"href":"https:\/\/visithrisey.is\/index.php?rest_route=\/wp\/v2\/pages\/18","targetHints":{"allow":["GET"]}}],"collection":[{"href":"https:\/\/visithrisey.is\/index.php?rest_route=\/wp\/v2\/pages"}],"about":[{"href":"https:\/\/visithrisey.is\/index.php?rest_route=\/wp\/v2\/types\/page"}],"author":[{"embeddable":true,"href":"https:\/\/visithrisey.is\/index.php?rest_route=\/wp\/v2\/users\/1"}],"replies":[{"embeddable":true,"href":"https:\/\/visithrisey.is\/index.php?rest_route=%2Fwp%2Fv2%2Fcomments&post=18"}],"version-history":[{"count":29,"href":"https:\/\/visithrisey.is\/index.php?rest_route=\/wp\/v2\/pages\/18\/revisions"}],"predecessor-version":[{"id":276,"href":"https:\/\/visithrisey.is\/index.php?rest_route=\/wp\/v2\/pages\/18\/revisions\/276"}],"wp:featuredmedia":[{"embeddable":true,"href":"https:\/\/visithrisey.is\/index.php?rest_route=\/wp\/v2\/media\/149"}],"wp:attachment":[{"href":"https:\/\/visithrisey.is\/index.php?rest_route=%2Fwp%2Fv2%2Fmedia&parent=18"}],"curies":[{"name":"wp","href":"https:\/\/api.w.org\/{rel}","templated":true}]}}