{"id":17,"date":"2017-06-15T11:27:23","date_gmt":"2017-06-15T11:27:23","guid":{"rendered":"http:\/\/visithrisey.is\/?page_id=17"},"modified":"2024-05-28T10:21:44","modified_gmt":"2024-05-28T10:21:44","slug":"about","status":"publish","type":"page","link":"https:\/\/visithrisey.is\/?page_id=17","title":{"rendered":"M\u00ednukot"},"content":{"rendered":"<p>M\u00ednukot var \u00e1\u00f0ur fj\u00f3s og hla\u00f0a. N\u00fa hefur \u00fea\u00f0 veri\u00f0 all uppgert og er hi\u00f0 gl\u00e6silegast h\u00fas fyrir 6 manns.<\/p>\n<div id=\"envira-gallery-wrap-121\" class=\"envira-gallery-wrap envira-gallery-theme-base envira-lightbox-theme-base\" itemscope itemtype=\"https:\/\/schema.org\/ImageGallery\"><div data-row-height=\"150\" data-gallery-theme=\"normal\" id=\"envira-gallery-121\" class=\"envira-gallery-public envira-gallery-justified-public envira-gallery-0-columns envira-clear enviratope envira-gallery-css-animations\" data-envira-columns=\"0\"><div id=\"envira-gallery-item-284\" class=\"envira-gallery-item enviratope-item envira-gallery-item-1 envira-lazy-load\" style=\"padding-left: 5px; padding-bottom: 10px; padding-right: 5px;\"  itemscope itemtype=\"https:\/\/schema.org\/ImageObject\"><div class=\"envira-gallery-item-inner\"><div class=\"envira-gallery-position-overlay  envira-gallery-top-left\"><\/div><div class=\"envira-gallery-position-overlay  envira-gallery-top-right\"><\/div><div class=\"envira-gallery-position-overlay  envira-gallery-bottom-left\"><\/div><div class=\"envira-gallery-position-overlay  envira-gallery-bottom-right\"><\/div><a href=\"https:\/\/visithrisey.is\/wp-content\/uploads\/2017\/06\/20221003_110657-1-scaled.jpg\" class=\"envira-gallery-121 envira-gallery-link\" rel=\"enviragallery121\" title=\"20221003_110657 (1)\" data-envira-caption=\"20221003_110657 (1)\" data-envira-retina=\"\" data-thumbnail=\"\"  itemprop=\"contentUrl\"><img decoding=\"async\" id=\"envira-gallery-image-284\" class=\"envira-gallery-image envira-gallery-image-1 envira-normal envira-lazy\" data-envira-index=\"1\" src=\"https:\/\/visithrisey.is\/wp-content\/uploads\/2017\/06\/20221003_110657-1-1024x578-640x480.jpg\" data-envira-src=\"https:\/\/visithrisey.is\/wp-content\/uploads\/2017\/06\/20221003_110657-1-1024x578-640x480.jpg\" data-envira-gallery-id=\"121\" data-envira-item-id=\"284\" data-envira-caption=\"20221003_110657 (1)\" alt=\"\" title=\"20221003_110657 (1)\"  itemprop=\"thumbnailUrl\" data-envira-srcset=\"https:\/\/visithrisey.is\/wp-content\/uploads\/2017\/06\/20221003_110657-1-1024x578-640x480.jpg 400w,https:\/\/visithrisey.is\/wp-content\/uploads\/2017\/06\/20221003_110657-1-1024x578-640x480.jpg 2x\" data-envira-width=\"300\" data-envira-height=\"169\" srcset=\"data:image\/gif;base64,R0lGODlhAQABAIAAAP\/\/\/\/\/\/\/yH5BAEKAAEALAAAAAABAAEAAAICTAEAOw==\" data-safe-src=\"data:image\/gif;base64,R0lGODlhAQABAIAAAP\/\/\/\/\/\/\/yH5BAEKAAEALAAAAAABAAEAAAICTAEAOw==\" \/><\/a><\/div><\/div><div id=\"envira-gallery-item-283\" class=\"envira-gallery-item enviratope-item envira-gallery-item-2 envira-lazy-load\" style=\"padding-left: 5px; padding-bottom: 10px; padding-right: 5px;\"  itemscope itemtype=\"https:\/\/schema.org\/ImageObject\"><div class=\"envira-gallery-item-inner\"><div class=\"envira-gallery-position-overlay  envira-gallery-top-left\"><\/div><div class=\"envira-gallery-position-overlay  envira-gallery-top-right\"><\/div><div class=\"envira-gallery-position-overlay  envira-gallery-bottom-left\"><\/div><div class=\"envira-gallery-position-overlay  envira-gallery-bottom-right\"><\/div><a href=\"https:\/\/visithrisey.is\/wp-content\/uploads\/2017\/06\/20221003_104835-scaled.jpg\" class=\"envira-gallery-121 envira-gallery-link\" rel=\"enviragallery121\" title=\"20221003_104835\" data-envira-caption=\"20221003_104835\" data-envira-retina=\"\" data-thumbnail=\"\"  itemprop=\"contentUrl\"><img decoding=\"async\" id=\"envira-gallery-image-283\" class=\"envira-gallery-image envira-gallery-image-2 envira-normal envira-lazy\" data-envira-index=\"2\" src=\"https:\/\/visithrisey.is\/wp-content\/uploads\/2017\/06\/20221003_104835-561x1024-640x480.jpg\" data-envira-src=\"https:\/\/visithrisey.is\/wp-content\/uploads\/2017\/06\/20221003_104835-561x1024-640x480.jpg\" data-envira-gallery-id=\"121\" data-envira-item-id=\"283\" data-envira-caption=\"20221003_104835\" alt=\"\" title=\"20221003_104835\"  itemprop=\"thumbnailUrl\" data-envira-srcset=\"https:\/\/visithrisey.is\/wp-content\/uploads\/2017\/06\/20221003_104835-561x1024-640x480.jpg 400w,https:\/\/visithrisey.is\/wp-content\/uploads\/2017\/06\/20221003_104835-561x1024-640x480.jpg 2x\" data-envira-width=\"164\" data-envira-height=\"300\" srcset=\"data:image\/gif;base64,R0lGODlhAQABAIAAAP\/\/\/\/\/\/\/yH5BAEKAAEALAAAAAABAAEAAAICTAEAOw==\" data-safe-src=\"data:image\/gif;base64,R0lGODlhAQABAIAAAP\/\/\/\/\/\/\/yH5BAEKAAEALAAAAAABAAEAAAICTAEAOw==\" \/><\/a><\/div><\/div><div id=\"envira-gallery-item-126\" class=\"envira-gallery-item enviratope-item envira-gallery-item-3 envira-lazy-load\" style=\"padding-left: 5px; padding-bottom: 10px; padding-right: 5px;\"  itemscope itemtype=\"https:\/\/schema.org\/ImageObject\"><div class=\"envira-gallery-item-inner\"><div class=\"envira-gallery-position-overlay  envira-gallery-top-left\"><\/div><div class=\"envira-gallery-position-overlay  envira-gallery-top-right\"><\/div><div class=\"envira-gallery-position-overlay  envira-gallery-bottom-left\"><\/div><div class=\"envira-gallery-position-overlay  envira-gallery-bottom-right\"><\/div><a href=\"http:\/\/visithrisey.is\/wp-content\/uploads\/2017\/06\/IMG_0103-2.jpg\" class=\"envira-gallery-121 envira-gallery-link\" rel=\"enviragallery121\" title=\"IMG_0103-2\" data-envira-caption=\"IMG_0103-2\" data-envira-retina=\"\" data-thumbnail=\"\"  itemprop=\"contentUrl\"><img decoding=\"async\" id=\"envira-gallery-image-126\" class=\"envira-gallery-image envira-gallery-image-3 envira-normal envira-lazy\" data-envira-index=\"3\" src=\"https:\/\/visithrisey.is\/wp-content\/uploads\/2017\/06\/IMG_0103-2-1024x683-640x480.jpg\" data-envira-src=\"https:\/\/visithrisey.is\/wp-content\/uploads\/2017\/06\/IMG_0103-2-1024x683-640x480.jpg\" data-envira-gallery-id=\"121\" data-envira-item-id=\"126\" data-envira-caption=\"IMG_0103-2\" alt=\"\" title=\"IMG_0103-2\"  itemprop=\"thumbnailUrl\" data-envira-srcset=\"https:\/\/visithrisey.is\/wp-content\/uploads\/2017\/06\/IMG_0103-2-1024x683-640x480.jpg 400w,https:\/\/visithrisey.is\/wp-content\/uploads\/2017\/06\/IMG_0103-2-1024x683-640x480.jpg 2x\" data-envira-width=\"300\" data-envira-height=\"200\" srcset=\"data:image\/gif;base64,R0lGODlhAQABAIAAAP\/\/\/\/\/\/\/yH5BAEKAAEALAAAAAABAAEAAAICTAEAOw==\" data-safe-src=\"data:image\/gif;base64,R0lGODlhAQABAIAAAP\/\/\/\/\/\/\/yH5BAEKAAEALAAAAAABAAEAAAICTAEAOw==\" \/><\/a><\/div><\/div><div id=\"envira-gallery-item-129\" class=\"envira-gallery-item enviratope-item envira-gallery-item-4 envira-lazy-load\" style=\"padding-left: 5px; padding-bottom: 10px; padding-right: 5px;\"  itemscope itemtype=\"https:\/\/schema.org\/ImageObject\"><div class=\"envira-gallery-item-inner\"><div class=\"envira-gallery-position-overlay  envira-gallery-top-left\"><\/div><div class=\"envira-gallery-position-overlay  envira-gallery-top-right\"><\/div><div class=\"envira-gallery-position-overlay  envira-gallery-bottom-left\"><\/div><div class=\"envira-gallery-position-overlay  envira-gallery-bottom-right\"><\/div><a href=\"http:\/\/visithrisey.is\/wp-content\/uploads\/2017\/06\/IMG_0104-2.jpg\" class=\"envira-gallery-121 envira-gallery-link\" rel=\"enviragallery121\" title=\"IMG_0104-2\" data-envira-caption=\"IMG_0104-2\" data-envira-retina=\"\" data-thumbnail=\"\"  itemprop=\"contentUrl\"><img decoding=\"async\" id=\"envira-gallery-image-129\" class=\"envira-gallery-image envira-gallery-image-4 envira-normal envira-lazy\" data-envira-index=\"4\" src=\"https:\/\/visithrisey.is\/wp-content\/uploads\/2017\/06\/IMG_0104-2-1024x683-640x480.jpg\" data-envira-src=\"https:\/\/visithrisey.is\/wp-content\/uploads\/2017\/06\/IMG_0104-2-1024x683-640x480.jpg\" data-envira-gallery-id=\"121\" data-envira-item-id=\"129\" data-envira-caption=\"IMG_0104-2\" alt=\"\" title=\"IMG_0104-2\"  itemprop=\"thumbnailUrl\" data-envira-srcset=\"https:\/\/visithrisey.is\/wp-content\/uploads\/2017\/06\/IMG_0104-2-1024x683-640x480.jpg 400w,https:\/\/visithrisey.is\/wp-content\/uploads\/2017\/06\/IMG_0104-2-1024x683-640x480.jpg 2x\" data-envira-width=\"300\" data-envira-height=\"200\" srcset=\"data:image\/gif;base64,R0lGODlhAQABAIAAAP\/\/\/\/\/\/\/yH5BAEKAAEALAAAAAABAAEAAAICTAEAOw==\" data-safe-src=\"data:image\/gif;base64,R0lGODlhAQABAIAAAP\/\/\/\/\/\/\/yH5BAEKAAEALAAAAAABAAEAAAICTAEAOw==\" \/><\/a><\/div><\/div><div id=\"envira-gallery-item-271\" class=\"envira-gallery-item enviratope-item envira-gallery-item-5 envira-lazy-load\" style=\"padding-left: 5px; padding-bottom: 10px; padding-right: 5px;\"  itemscope itemtype=\"https:\/\/schema.org\/ImageObject\"><div class=\"envira-gallery-item-inner\"><div class=\"envira-gallery-position-overlay  envira-gallery-top-left\"><\/div><div class=\"envira-gallery-position-overlay  envira-gallery-top-right\"><\/div><div class=\"envira-gallery-position-overlay  envira-gallery-bottom-left\"><\/div><div class=\"envira-gallery-position-overlay  envira-gallery-bottom-right\"><\/div><a href=\"https:\/\/visithrisey.is\/wp-content\/uploads\/2017\/06\/20210407_Minukot-scaled.jpg\" class=\"envira-gallery-121 envira-gallery-link\" rel=\"enviragallery121\" title=\"20210407_M&iacute;nukot\" data-envira-caption=\"20210407_M&iacute;nukot\" data-envira-retina=\"\" data-thumbnail=\"\"  itemprop=\"contentUrl\"><img decoding=\"async\" id=\"envira-gallery-image-271\" class=\"envira-gallery-image envira-gallery-image-5 envira-normal envira-lazy\" data-envira-index=\"5\" src=\"https:\/\/visithrisey.is\/wp-content\/uploads\/2017\/06\/20210407_Minukot-1024x653-640x480.jpg\" data-envira-src=\"https:\/\/visithrisey.is\/wp-content\/uploads\/2017\/06\/20210407_Minukot-1024x653-640x480.jpg\" data-envira-gallery-id=\"121\" data-envira-item-id=\"271\" data-envira-caption=\"20210407_M&iacute;nukot\" alt=\"\" title=\"20210407_M\u00ednukot\"  itemprop=\"thumbnailUrl\" data-envira-srcset=\"https:\/\/visithrisey.is\/wp-content\/uploads\/2017\/06\/20210407_Minukot-1024x653-640x480.jpg 400w,https:\/\/visithrisey.is\/wp-content\/uploads\/2017\/06\/20210407_Minukot-1024x653-640x480.jpg 2x\" data-envira-width=\"300\" data-envira-height=\"191\" srcset=\"data:image\/gif;base64,R0lGODlhAQABAIAAAP\/\/\/\/\/\/\/yH5BAEKAAEALAAAAAABAAEAAAICTAEAOw==\" data-safe-src=\"data:image\/gif;base64,R0lGODlhAQABAIAAAP\/\/\/\/\/\/\/yH5BAEKAAEALAAAAAABAAEAAAICTAEAOw==\" \/><\/a><\/div><\/div><div id=\"envira-gallery-item-273\" class=\"envira-gallery-item enviratope-item envira-gallery-item-6 envira-lazy-load\" style=\"padding-left: 5px; padding-bottom: 10px; padding-right: 5px;\"  itemscope itemtype=\"https:\/\/schema.org\/ImageObject\"><div class=\"envira-gallery-item-inner\"><div class=\"envira-gallery-position-overlay  envira-gallery-top-left\"><\/div><div class=\"envira-gallery-position-overlay  envira-gallery-top-right\"><\/div><div class=\"envira-gallery-position-overlay  envira-gallery-bottom-left\"><\/div><div class=\"envira-gallery-position-overlay  envira-gallery-bottom-right\"><\/div><a href=\"https:\/\/visithrisey.is\/wp-content\/uploads\/2017\/06\/20210409_Minukot1-1-scaled.jpg\" class=\"envira-gallery-121 envira-gallery-link\" rel=\"enviragallery121\" title=\"20210409_M&iacute;nukot1\" data-envira-caption=\"20210409_M&iacute;nukot1\" data-envira-retina=\"\" data-thumbnail=\"\"  itemprop=\"contentUrl\"><img decoding=\"async\" id=\"envira-gallery-image-273\" class=\"envira-gallery-image envira-gallery-image-6 envira-normal envira-lazy\" data-envira-index=\"6\" src=\"https:\/\/visithrisey.is\/wp-content\/uploads\/2017\/06\/20210409_Minukot1-1-1024x576-640x480.jpg\" data-envira-src=\"https:\/\/visithrisey.is\/wp-content\/uploads\/2017\/06\/20210409_Minukot1-1-1024x576-640x480.jpg\" data-envira-gallery-id=\"121\" data-envira-item-id=\"273\" data-envira-caption=\"20210409_M&iacute;nukot1\" alt=\"\" title=\"20210409_M\u00ednukot1\"  itemprop=\"thumbnailUrl\" data-envira-srcset=\"https:\/\/visithrisey.is\/wp-content\/uploads\/2017\/06\/20210409_Minukot1-1-1024x576-640x480.jpg 400w,https:\/\/visithrisey.is\/wp-content\/uploads\/2017\/06\/20210409_Minukot1-1-1024x576-640x480.jpg 2x\" data-envira-width=\"300\" data-envira-height=\"169\" srcset=\"data:image\/gif;base64,R0lGODlhAQABAIAAAP\/\/\/\/\/\/\/yH5BAEKAAEALAAAAAABAAEAAAICTAEAOw==\" data-safe-src=\"data:image\/gif;base64,R0lGODlhAQABAIAAAP\/\/\/\/\/\/\/yH5BAEKAAEALAAAAAABAAEAAAICTAEAOw==\" \/><\/a><\/div><\/div><\/div><\/div><noscript><img decoding=\"async\" src=\"https:\/\/visithrisey.is\/wp-content\/uploads\/2017\/06\/20221003_110657-1-scaled.jpg\" alt=\"\" \/><img decoding=\"async\" src=\"https:\/\/visithrisey.is\/wp-content\/uploads\/2017\/06\/20221003_104835-scaled.jpg\" alt=\"\" \/><img decoding=\"async\" src=\"https:\/\/visithrisey.is\/wp-content\/uploads\/2017\/06\/IMG_0103-2.jpg\" alt=\"\" \/><img decoding=\"async\" src=\"https:\/\/visithrisey.is\/wp-content\/uploads\/2017\/06\/IMG_0104-2.jpg\" alt=\"\" \/><img decoding=\"async\" src=\"https:\/\/visithrisey.is\/wp-content\/uploads\/2017\/06\/20210407_Minukot-scaled.jpg\" alt=\"\" \/><img decoding=\"async\" src=\"https:\/\/visithrisey.is\/wp-content\/uploads\/2017\/06\/20210409_Minukot1-1-scaled.jpg\" alt=\"\" \/><\/noscript>\n","protected":false},"excerpt":{"rendered":"<p>M\u00ednukot var \u00e1\u00f0ur fj\u00f3s og hla\u00f0a. N\u00fa hefur \u00fea\u00f0 veri\u00f0 all uppgert og er hi\u00f0 gl\u00e6silegast h\u00fas fyrir 6 manns.<\/p>\n","protected":false},"author":1,"featured_media":284,"parent":0,"menu_order":0,"comment_status":"closed","ping_status":"closed","template":"","meta":{"footnotes":""},"class_list":["post-17","page","type-page","status-publish","has-post-thumbnail","hentry"],"_links":{"self":[{"href":"https:\/\/visithrisey.is\/index.php?rest_route=\/wp\/v2\/pages\/17","targetHints":{"allow":["GET"]}}],"collection":[{"href":"https:\/\/visithrisey.is\/index.php?rest_route=\/wp\/v2\/pages"}],"about":[{"href":"https:\/\/visithrisey.is\/index.php?rest_route=\/wp\/v2\/types\/page"}],"author":[{"embeddable":true,"href":"https:\/\/visithrisey.is\/index.php?rest_route=\/wp\/v2\/users\/1"}],"replies":[{"embeddable":true,"href":"https:\/\/visithrisey.is\/index.php?rest_route=%2Fwp%2Fv2%2Fcomments&post=17"}],"version-history":[{"count":12,"href":"https:\/\/visithrisey.is\/index.php?rest_route=\/wp\/v2\/pages\/17\/revisions"}],"predecessor-version":[{"id":128,"href":"https:\/\/visithrisey.is\/index.php?rest_route=\/wp\/v2\/pages\/17\/revisions\/128"}],"wp:featuredmedia":[{"embeddable":true,"href":"https:\/\/visithrisey.is\/index.php?rest_route=\/wp\/v2\/media\/284"}],"wp:attachment":[{"href":"https:\/\/visithrisey.is\/index.php?rest_route=%2Fwp%2Fv2%2Fmedia&parent=17"}],"curies":[{"name":"wp","href":"https:\/\/api.w.org\/{rel}","templated":true}]}}