{"id":16,"date":"2017-06-15T11:27:23","date_gmt":"2017-06-15T11:27:23","guid":{"rendered":"http:\/\/visithrisey.is\/?page_id=16"},"modified":"2020-04-10T13:14:32","modified_gmt":"2020-04-10T13:14:32","slug":"home","status":"publish","type":"page","link":"https:\/\/visithrisey.is\/","title":{"rendered":"Gisting"},"content":{"rendered":"<h2><strong>Velkomin og takk fyrir a\u00f0 k\u00edkja inn til okkar.\u00a0<\/strong><\/h2>\n<p>N\u00fa er um a\u00f0 gera a\u00f0 fer\u00f0ast innanlands \u00ed \u00e1r.\u00a0 Vi\u00f0 bj\u00f3\u00f0um gistir\u00fdmi fyrir allt a\u00f0 16 manns. \u00a0Upp\u00e1b\u00fain r\u00fam ofl. H\u00e9r m\u00e1 sj\u00e1 myndir af \u00feeim h\u00fasum sem eru \u00ed bo\u00f0i \u00fe.e. J\u00f3natansh\u00fas og M\u00ednukot.<\/p>\n<p><strong>H\u00e9r m\u00e1 sj\u00e1 myndbandi\u00f0 \u00e1<\/strong> <a href=\"https:\/\/youtu.be\/tCfDf_4vP4I\"><strong>YouTube<\/strong><\/a><\/p>\n\n\n<p><\/p>\n","protected":false},"excerpt":{"rendered":"<p>Velkomin og takk fyrir a\u00f0 k\u00edkja inn til okkar.\u00a0 N\u00fa er um a\u00f0 gera a\u00f0 fer\u00f0ast innanlands \u00ed \u00e1r.\u00a0 Vi\u00f0 bj\u00f3\u00f0um gistir\u00fdmi fyrir allt a\u00f0 16 manns. \u00a0Upp\u00e1b\u00fain r\u00fam ofl. H\u00e9r m\u00e1 sj\u00e1 myndir af \u00feeim h\u00fasum sem eru \u00ed bo\u00f0i \u00fe.e. J\u00f3natansh\u00fas og M\u00ednukot. H\u00e9r m\u00e1 sj\u00e1 myndbandi\u00f0 \u00e1 YouTube<\/p>\n","protected":false},"author":1,"featured_media":0,"parent":0,"menu_order":0,"comment_status":"closed","ping_status":"closed","template":"","meta":{"footnotes":""},"class_list":["post-16","page","type-page","status-publish","hentry"],"_links":{"self":[{"href":"https:\/\/visithrisey.is\/index.php?rest_route=\/wp\/v2\/pages\/16","targetHints":{"allow":["GET"]}}],"collection":[{"href":"https:\/\/visithrisey.is\/index.php?rest_route=\/wp\/v2\/pages"}],"about":[{"href":"https:\/\/visithrisey.is\/index.php?rest_route=\/wp\/v2\/types\/page"}],"author":[{"embeddable":true,"href":"https:\/\/visithrisey.is\/index.php?rest_route=\/wp\/v2\/users\/1"}],"replies":[{"embeddable":true,"href":"https:\/\/visithrisey.is\/index.php?rest_route=%2Fwp%2Fv2%2Fcomments&post=16"}],"version-history":[{"count":15,"href":"https:\/\/visithrisey.is\/index.php?rest_route=\/wp\/v2\/pages\/16\/revisions"}],"predecessor-version":[{"id":258,"href":"https:\/\/visithrisey.is\/index.php?rest_route=\/wp\/v2\/pages\/16\/revisions\/258"}],"wp:attachment":[{"href":"https:\/\/visithrisey.is\/index.php?rest_route=%2Fwp%2Fv2%2Fmedia&parent=16"}],"curies":[{"name":"wp","href":"https:\/\/api.w.org\/{rel}","templated":true}]}}